{"id":6747,"date":"2018-05-23T08:57:48","date_gmt":"2018-05-23T08:57:48","guid":{"rendered":"https:\/\/artessano1973.com\/cookie-policy\/"},"modified":"2025-08-13T07:42:21","modified_gmt":"2025-08-13T07:42:21","slug":"cookie-policy","status":"publish","type":"page","link":"https:\/\/artessano1973.com\/en\/cookie-policy\/","title":{"rendered":"Cookie Policy"},"content":{"rendered":"\t\t<div data-elementor-type=\"wp-page\" data-elementor-id=\"6747\" class=\"elementor elementor-6747 elementor-531\" data-elementor-post-type=\"page\">\n\t\t\t\t<div class=\"elementor-element elementor-element-63e0ce3a e-flex e-con-boxed e-con e-parent\" data-id=\"63e0ce3a\" data-element_type=\"container\" data-e-type=\"container\">\n\t\t\t\t\t<div class=\"e-con-inner\">\n\t\t\t\t<div class=\"elementor-element elementor-element-760b0ef3 elementor-widget elementor-widget-text-editor\" data-id=\"760b0ef3\" data-element_type=\"widget\" data-e-type=\"widget\" data-widget_type=\"text-editor.default\">\n\t\t\t\t<div class=\"elementor-widget-container\">\n\t\t\t\t\t\t\t\t\t<p style=\"text-align: justify;\">Manuel Romero Hern\u00e1ndez informs about the use of cookies on his website: www.artessano1973.com<\/p><p style=\"text-align: justify;\"><strong>What are cookies?<\/strong><br>Cookies are files that can be downloaded to your computer by websites. They are tools that play an essential role in the provision of many information society services. Among others, they allow a website to store and retrieve information about the browsing habits of a user or their equipment and, depending on the information obtained, they can be used to recognise the user and improve the service offered.<\/p><p style=\"text-align: justify;\"><strong>Types of cookies<\/strong><br>Depending on the entity managing the domain from which the cookies are sent and the data obtained is processed, two types can be distinguished:<\/p><p>&#8211; Own cookies:<\/p><p style=\"text-align: justify;\">Those that are sent to the user&#8217;s terminal equipment from a computer or domain managed by the publisher itself and from which the service requested by the user is provided.<\/p><p>&#8211; Third-party cookies:<\/p><p style=\"text-align: justify;\">Those that are sent to the user&#8217;s terminal equipment from a computer or domain that is not managed by the editor, but by another entity that processes the data obtained through the cookies.<\/p><p style=\"text-align: justify;\">In the event that the cookies are installed from a computer or domain managed by the editor itself but the information collected through them is managed by a third party, they cannot be considered as own cookies.<\/p><p style=\"text-align: justify;\">There is also a second classification according to the length of time they remain stored in the client&#8217;s browser:<\/p><p>&#8211; Session cookies:<\/p><p style=\"text-align: justify;\">Designed to collect and store data while the user accesses a web page. They are usually used to store information that is only relevant for the provision of the service requested by the user on a single occasion (e.g. a list of products purchased).<\/p><p>&#8211; Persistent cookies:<\/p><p style=\"text-align: justify;\">The data remains stored in the terminal and can be accessed and processed for a period defined by the cookie owner, which can range from a few minutes to several years.<\/p><p style=\"text-align: justify;\">Finally, there is another classification with six types of cookies depending on the purpose for which the data obtained are processed:<\/p><p>&#8211; Technical cookies:<\/p><p style=\"text-align: justify;\">Those that allow the user to browse through a website, platform or application and use the different options or services that exist on it, such as, for example, controlling traffic and data communication, identifying the session, accessing restricted access areas, remembering the elements that make up an order, carrying out the purchasing process of an order, applying for registration or participation in an event, using security elements during browsing, storing content for the broadcasting of videos or sound or sharing content through social networks. *** Translated with www.DeepL.com\/Translator (free version) ***<\/p><p>&#8211; Personalisation cookies:<\/p><p style=\"text-align: justify;\">They allow the user to access the service with some general characteristics predefined according to a series of criteria in the user&#8217;s terminal, such as the language, the type of browser through which the user accesses the service, the regional configuration from where the user accesses the service, etc.<\/p><p>&#8211; Analysis cookies:<\/p><p style=\"text-align: justify;\">They allow the party responsible for them to monitor and analyse the behaviour of the users of the websites to which they are linked. The information collected through this type of cookies is used to measure the activity of the websites, application or platform and for the elaboration of browsing profiles of the users of these sites, applications and platforms, in order to introduce improvements based on the analysis of the usage data of the users of the service.<\/p><p>&#8211; Werbe-Cookies:<\/p><p style=\"text-align: justify;\">They allow for the most efficient possible management of advertising space.<\/p><p>&#8211; Behavioural advertising cookies:<\/p><p style=\"text-align: justify;\">They store information on the behaviour of users obtained through continuous observation of their browsing habits, which allows a specific profile to be developed in order to display advertising based on the same.<\/p><p>&#8211; Cookies from external social networks:<\/p><p style=\"text-align: justify;\">They are used so that visitors can interact with the content of different social platforms (facebook, youtube, twitter, linkedIn, etc..) and are generated only for users of these social networks. The conditions of use of these cookies and the information collected is regulated by the privacy policy of the corresponding social platform.<\/p><p style=\"text-align: justify;\"><strong>Disabling and Deleting Cookies<\/strong><br>You have the option to allow, block, or delete cookies installed on your computer by configuring the browser options installed on your computer. By disabling cookies, some of the available services may no longer be operational. The way to disable cookies is different for each browser, but can usually be done from the Tools or Options menu. You can also consult the browser&#8217;s Help menu where you can find instructions. The user may at any time choose which cookies he\/she wants to use on this website.<\/p><p style=\"text-align: justify;\">You can allow, block or delete the cookies installed on your computer by configuring the browser options installed on your computer:<\/p><p>\u2022 Microsoft Internet Explorer o Microsoft Edge:<br>http:\/\/windows.microsoft.com\/es-es\/windows-vista\/Block-or-allow-cookies<br>\u2022 Mozilla Firefox:<br>http:\/\/support.mozilla.org\/es\/kb\/impedir-que-los-sitios-web-guarden-sus-preferencia<br>\u2022 Chrome:<br>https:\/\/support.google.com\/accounts\/answer\/61416?hl=es<br>\u2022 Safari:<br>http:\/\/safari.helpmax.net\/es\/privacidad-y-seguridad\/como-gestionar-las-cookies\/<br>\u2022 Opera:<br>http:\/\/help.opera.com\/Linux\/10.60\/es-ES\/cookies.html<br>Adem\u00e1s, tambi\u00e9n puede gestionar el almac\u00e9n de cookies en su navegador a trav\u00e9s de herramientas como las<br>siguientes<br>\u2022 Ghostery:<br>www.ghostery.com\/<br>\u2022 Your Online Choices:<br>www.youronlinechoices.com\/es\/<\/p><p style=\"text-align: justify;\"><strong>Cookies used on www.artessano1973.com<\/strong><br>The cookies used on this website, along with their types and functions, are listed below:<\/p><p style=\"text-align: justify;\">Acceptance of the Cookie Policy<br>www.artessano1973.com assumes that you accept the use of cookies. However, it displays information about its Cookie Policy at the bottom or top of any page on the site with each login so that you are aware of it.<\/p><p>Based on this information, you can take the following actions:<br>\u2022 Accept cookies:<br>This notice will not be displayed again when accessing any page of the portal during the current session.<br>\u2022 Close:<br>The notice is hidden on this page.<br>\u2022 Change your settings:<br>You can obtain more information about what cookies are, learn about the Cookie Policy of:<br>www.artessano1973.com, and change your browser settings.<\/p>\t\t\t\t\t\t\t\t<\/div>\n\t\t\t\t<\/div>\n\t\t\t\t\t<\/div>\n\t\t\t\t<\/div>\n\t\t\t\t<\/div>\n\t\t","protected":false},"excerpt":{"rendered":"<p>Manuel Romero Hern\u00e1ndez informs about the use of cookies on his website: www.artessano1973.com What are cookies?Cookies are files that can be downloaded to your computer by websites. They are tools that play an essential role in the provision of many information society services. Among others, they allow a website to store and retrieve information about [&hellip;]<\/p>\n","protected":false},"author":13,"featured_media":0,"parent":0,"menu_order":11,"comment_status":"closed","ping_status":"closed","template":"","meta":{"_acf_changed":false,"footnotes":""},"class_list":["post-6747","page","type-page","status-publish","hentry"],"acf":[],"yoast_head":"<!-- This site is optimized with the Yoast SEO plugin v27.2 - https:\/\/yoast.com\/product\/yoast-seo-wordpress\/ -->\n<title>Cookie Policy - Artessano 1973 Gourmet<\/title>\n<meta name=\"robots\" content=\"noindex, follow\" \/>\n<meta property=\"og:locale\" content=\"en_US\" \/>\n<meta property=\"og:type\" content=\"article\" \/>\n<meta property=\"og:title\" content=\"Cookie Policy - Artessano 1973 Gourmet\" \/>\n<meta property=\"og:description\" content=\"Manuel Romero Hern\u00e1ndez informs about the use of cookies on his website: www.artessano1973.com What are cookies?Cookies are files that can be downloaded to your computer by websites. They are tools that play an essential role in the provision of many information society services. Among others, they allow a website to store and retrieve information about [&hellip;]\" \/>\n<meta property=\"og:url\" content=\"https:\/\/artessano1973.com\/en\/cookie-policy\/\" \/>\n<meta property=\"og:site_name\" content=\"Artessano 1973 Gourmet\" \/>\n<meta property=\"article:modified_time\" content=\"2025-08-13T07:42:21+00:00\" \/>\n<meta name=\"twitter:card\" content=\"summary_large_image\" \/>\n<meta name=\"twitter:label1\" content=\"Est. reading time\" \/>\n\t<meta name=\"twitter:data1\" content=\"5 minutes\" \/>\n<script type=\"application\/ld+json\" class=\"yoast-schema-graph\">{\"@context\":\"https:\/\/schema.org\",\"@graph\":[{\"@type\":\"WebPage\",\"@id\":\"https:\/\/artessano1973.com\/en\/cookie-policy\/\",\"url\":\"https:\/\/artessano1973.com\/en\/cookie-policy\/\",\"name\":\"Cookie Policy - Artessano 1973 Gourmet\",\"isPartOf\":{\"@id\":\"https:\/\/artessano1973.com\/#website\"},\"datePublished\":\"2018-05-23T08:57:48+00:00\",\"dateModified\":\"2025-08-13T07:42:21+00:00\",\"breadcrumb\":{\"@id\":\"https:\/\/artessano1973.com\/en\/cookie-policy\/#breadcrumb\"},\"inLanguage\":\"en-US\",\"potentialAction\":[{\"@type\":\"ReadAction\",\"target\":[\"https:\/\/artessano1973.com\/en\/cookie-policy\/\"]}]},{\"@type\":\"BreadcrumbList\",\"@id\":\"https:\/\/artessano1973.com\/en\/cookie-policy\/#breadcrumb\",\"itemListElement\":[{\"@type\":\"ListItem\",\"position\":1,\"name\":\"Portada\",\"item\":\"https:\/\/artessano1973.com\/\"},{\"@type\":\"ListItem\",\"position\":2,\"name\":\"Cookie Policy\"}]},{\"@type\":\"WebSite\",\"@id\":\"https:\/\/artessano1973.com\/#website\",\"url\":\"https:\/\/artessano1973.com\/\",\"name\":\"Artessano 1973\",\"description\":\"Extra virgin olive oil\",\"publisher\":{\"@id\":\"https:\/\/artessano1973.com\/#organization\"},\"potentialAction\":[{\"@type\":\"SearchAction\",\"target\":{\"@type\":\"EntryPoint\",\"urlTemplate\":\"https:\/\/artessano1973.com\/?s={search_term_string}\"},\"query-input\":{\"@type\":\"PropertyValueSpecification\",\"valueRequired\":true,\"valueName\":\"search_term_string\"}}],\"inLanguage\":\"en-US\"},{\"@type\":\"Organization\",\"@id\":\"https:\/\/artessano1973.com\/#organization\",\"name\":\"Artessano 1973\",\"url\":\"https:\/\/artessano1973.com\/\",\"logo\":{\"@type\":\"ImageObject\",\"inLanguage\":\"en-US\",\"@id\":\"https:\/\/artessano1973.com\/#\/schema\/logo\/image\/\",\"url\":\"https:\/\/artessano1973.com\/wp-content\/uploads\/2024\/05\/logoartessano1973.webp\",\"contentUrl\":\"https:\/\/artessano1973.com\/wp-content\/uploads\/2024\/05\/logoartessano1973.webp\",\"width\":600,\"height\":527,\"caption\":\"Artessano 1973\"},\"image\":{\"@id\":\"https:\/\/artessano1973.com\/#\/schema\/logo\/image\/\"}}]}<\/script>\n<!-- \/ Yoast SEO plugin. -->","yoast_head_json":{"title":"Cookie Policy - Artessano 1973 Gourmet","robots":{"index":"noindex","follow":"follow"},"og_locale":"en_US","og_type":"article","og_title":"Cookie Policy - Artessano 1973 Gourmet","og_description":"Manuel Romero Hern\u00e1ndez informs about the use of cookies on his website: www.artessano1973.com What are cookies?Cookies are files that can be downloaded to your computer by websites. They are tools that play an essential role in the provision of many information society services. Among others, they allow a website to store and retrieve information about [&hellip;]","og_url":"https:\/\/artessano1973.com\/en\/cookie-policy\/","og_site_name":"Artessano 1973 Gourmet","article_modified_time":"2025-08-13T07:42:21+00:00","twitter_card":"summary_large_image","twitter_misc":{"Est. reading time":"5 minutes"},"schema":{"@context":"https:\/\/schema.org","@graph":[{"@type":"WebPage","@id":"https:\/\/artessano1973.com\/en\/cookie-policy\/","url":"https:\/\/artessano1973.com\/en\/cookie-policy\/","name":"Cookie Policy - Artessano 1973 Gourmet","isPartOf":{"@id":"https:\/\/artessano1973.com\/#website"},"datePublished":"2018-05-23T08:57:48+00:00","dateModified":"2025-08-13T07:42:21+00:00","breadcrumb":{"@id":"https:\/\/artessano1973.com\/en\/cookie-policy\/#breadcrumb"},"inLanguage":"en-US","potentialAction":[{"@type":"ReadAction","target":["https:\/\/artessano1973.com\/en\/cookie-policy\/"]}]},{"@type":"BreadcrumbList","@id":"https:\/\/artessano1973.com\/en\/cookie-policy\/#breadcrumb","itemListElement":[{"@type":"ListItem","position":1,"name":"Portada","item":"https:\/\/artessano1973.com\/"},{"@type":"ListItem","position":2,"name":"Cookie Policy"}]},{"@type":"WebSite","@id":"https:\/\/artessano1973.com\/#website","url":"https:\/\/artessano1973.com\/","name":"Artessano 1973","description":"Extra virgin olive oil","publisher":{"@id":"https:\/\/artessano1973.com\/#organization"},"potentialAction":[{"@type":"SearchAction","target":{"@type":"EntryPoint","urlTemplate":"https:\/\/artessano1973.com\/?s={search_term_string}"},"query-input":{"@type":"PropertyValueSpecification","valueRequired":true,"valueName":"search_term_string"}}],"inLanguage":"en-US"},{"@type":"Organization","@id":"https:\/\/artessano1973.com\/#organization","name":"Artessano 1973","url":"https:\/\/artessano1973.com\/","logo":{"@type":"ImageObject","inLanguage":"en-US","@id":"https:\/\/artessano1973.com\/#\/schema\/logo\/image\/","url":"https:\/\/artessano1973.com\/wp-content\/uploads\/2024\/05\/logoartessano1973.webp","contentUrl":"https:\/\/artessano1973.com\/wp-content\/uploads\/2024\/05\/logoartessano1973.webp","width":600,"height":527,"caption":"Artessano 1973"},"image":{"@id":"https:\/\/artessano1973.com\/#\/schema\/logo\/image\/"}}]}},"_links":{"self":[{"href":"https:\/\/artessano1973.com\/en\/wp-json\/wp\/v2\/pages\/6747","targetHints":{"allow":["GET"]}}],"collection":[{"href":"https:\/\/artessano1973.com\/en\/wp-json\/wp\/v2\/pages"}],"about":[{"href":"https:\/\/artessano1973.com\/en\/wp-json\/wp\/v2\/types\/page"}],"author":[{"embeddable":true,"href":"https:\/\/artessano1973.com\/en\/wp-json\/wp\/v2\/users\/13"}],"replies":[{"embeddable":true,"href":"https:\/\/artessano1973.com\/en\/wp-json\/wp\/v2\/comments?post=6747"}],"version-history":[{"count":0,"href":"https:\/\/artessano1973.com\/en\/wp-json\/wp\/v2\/pages\/6747\/revisions"}],"wp:attachment":[{"href":"https:\/\/artessano1973.com\/en\/wp-json\/wp\/v2\/media?parent=6747"}],"curies":[{"name":"wp","href":"https:\/\/api.w.org\/{rel}","templated":true}]}}